{"id":126,"date":"2017-06-11T19:14:18","date_gmt":"2017-06-11T17:14:18","guid":{"rendered":"http:\/\/www.motormovil.cat\/ca\/politica-de-cookies\/"},"modified":"2017-11-03T10:31:21","modified_gmt":"2017-11-03T09:31:21","slug":"politica-de-cookies","status":"publish","type":"page","link":"https:\/\/www.inmobiliariamotormovil.cat\/ca\/politica-de-cookies\/","title":{"rendered":"Pol\u00edtica de cookies"},"content":{"rendered":"<div class=\"wpb-content-wrapper\"><p>[vc_row css_animation=&#8221;element_from_fade&#8221; row_type=&#8221;row&#8221; use_row_as_full_screen_section=&#8221;no&#8221; type=&#8221;grid&#8221; angled_section=&#8221;no&#8221; text_align=&#8221;left&#8221; background_image_as_pattern=&#8221;without_pattern&#8221; padding_top=&#8221;40&#8243; padding_bottom=&#8221;60&#8243;][vc_column][vc_column_text]<\/p>\n<h1>Pol\u00edtica de cookies<\/h1>\n<p>[\/vc_column_text][vc_separator type=&#8221;transparent&#8221; up=&#8221;10&#8243;][vc_column_text]<\/p>\n<div class=\"kc-elm kc-css-822911 kc_text_block\">\n<p><strong>INFORMACI\u00d3 SOBRE LA UTILITZACI\u00d3 DE COOKIES <\/strong><br \/>\nEn aquesta web es poden estar utilitzant cookies en algunes p\u00e0gines. La finalitat d\u2019aquestes cookies \u00e9s millorar el servei que ofereixen als seus clients i als nostres visitants.<br \/>\nLes cookies s\u00f3n petits fitxers de dades que es generen en l\u2019ordinador de l\u2019usuari i que permeten obtenir la seg\u00fcent informaci\u00f3:<\/p>\n<p>* Data i hora de l\u2019\u00faltima vegada que l\u2019usuari va visitar la web.<br \/>\n* Disseny de contingut que l\u2019usuari va escollir en la seva primera visita a la web.<br \/>\n* Elements de seguretat que intervenen en el control d\u2019acc\u00e9s a les \u00e0rees restringides.<\/p>\n<p>&nbsp;<\/p>\n<p><strong>Puc desactivar les cookies?<\/strong><\/p>\n<p>Els navegadors et permeten restringir, bloquejar i esborrar les cookies. Cada navegador t\u00e9 una configuraci\u00f3 diferent. Per ajudar-te,\u00a0 a continuaci\u00f3 t\u00b4indiquem els enlla\u00e7os amb les instrruccions per gestionar o bloquejar les cookies dels navegadors m\u00e9s comuns:<\/p>\n<p><strong><a href=\"https:\/\/support.google.com\/chrome\/answer\/95647?hl=es\">Chrome: configuraci\u00f3 de cookies<\/a><\/strong><br \/>\n<strong><a href=\"http:\/\/windows.microsoft.com\/es-es\/windows7\/how-to-manage-cookies-in-internet-explorer-9\">Internet Explorer: configuraci\u00f3 de cookies<\/a><\/strong><br \/>\n<strong><a href=\"https:\/\/support.mozilla.org\/es\/kb\/habilitar-y-deshabilitar-cookies-sitios-web-rastrear-preferencias?redirectlocale=es&amp;redirectslug=habilitar-y-deshabilitar-cookies-que-los-sitios-we\">Firefox: configuraci\u00f3 de cookies<\/a><\/strong><br \/>\n<strong><a href=\"https:\/\/support.apple.com\/es-es\/HT201265\">Safari: configuraci\u00f3 de cookies<\/a><\/strong><\/p>\n<\/div>\n<p>[\/vc_column_text][vc_separator type=&#8221;transparent&#8221; down=&#8221;10&#8243;][vc_separator type=&#8221;transparent&#8221; down=&#8221;40&#8243;][\/vc_column][\/vc_row][vc_row css_animation=&#8221;element_from_fade&#8221; row_type=&#8221;row&#8221; use_row_as_full_screen_section=&#8221;no&#8221; type=&#8221;full_width&#8221; angled_section=&#8221;no&#8221; text_align=&#8221;left&#8221; background_image_as_pattern=&#8221;without_pattern&#8221; el_class=&#8221;footer-contacto&#8221;][vc_column]<div class=\"q_image_with_text_over q_iwto_hover\"><div class=\"shader\" style = \"background-color: rgba(255,255,255,0.01)\"><\/div><div class=\"shader_hover\" style=\"background-color: rgba(255,255,255,0.01)\"><\/div><img decoding=\"async\" itemprop=\"image\" src=\"https:\/\/www.inmobiliariamotormovil.cat\/wp-content\/uploads\/2017\/06\/bgcontacto.jpg\" alt=\"\" \/><div class=\"text\"><table><tr><td><h3 class=\"caption no_icon\" style=\"color: #ffffff;\"><\/h3><\/td><\/tr><\/table><table><tr><td><div class=\"desc\"><\/p>\n<h3><a href=\"http:\/\/www.motormovil.cat\/contacto\/\">Contacta con nosotros<\/a><\/h3>\n<p>Independientemente de su empresa y de su presupuesto, nosotros le ayudaremos a encontrar el espacio de trabajo que busca.<\/p>\n<p><\/div><\/td><\/tr><\/table><\/div><\/div>[\/vc_column][\/vc_row]<\/p>\n<\/div>","protected":false},"excerpt":{"rendered":"<p>[vc_row css_animation=&#8221;element_from_fade&#8221; row_type=&#8221;row&#8221; use_row_as_full_screen_section=&#8221;no&#8221; type=&#8221;grid&#8221; angled_section=&#8221;no&#8221; text_align=&#8221;left&#8221; background_image_as_pattern=&#8221;without_pattern&#8221; padding_top=&#8221;40&#8243; padding_bottom=&#8221;60&#8243;][vc_column][vc_column_text] Pol\u00edtica de cookies [\/vc_column_text][vc_separator type=&#8221;transparent&#8221; up=&#8221;10&#8243;][vc_column_text] INFORMACI\u00d3 SOBRE LA UTILITZACI\u00d3 DE COOKIES En aquesta web es poden estar utilitzant cookies en algunes p\u00e0gines. La finalitat d\u2019aquestes cookies \u00e9s millorar el servei que ofereixen als seus&#8230;<\/p>\n","protected":false},"author":1,"featured_media":0,"parent":0,"menu_order":0,"comment_status":"closed","ping_status":"closed","template":"full_width.php","meta":{"_acf_changed":false,"footnotes":""},"acf":[],"_links":{"self":[{"href":"https:\/\/www.inmobiliariamotormovil.cat\/ca\/wp-json\/wp\/v2\/pages\/126"}],"collection":[{"href":"https:\/\/www.inmobiliariamotormovil.cat\/ca\/wp-json\/wp\/v2\/pages"}],"about":[{"href":"https:\/\/www.inmobiliariamotormovil.cat\/ca\/wp-json\/wp\/v2\/types\/page"}],"author":[{"embeddable":true,"href":"https:\/\/www.inmobiliariamotormovil.cat\/ca\/wp-json\/wp\/v2\/users\/1"}],"replies":[{"embeddable":true,"href":"https:\/\/www.inmobiliariamotormovil.cat\/ca\/wp-json\/wp\/v2\/comments?post=126"}],"version-history":[{"count":4,"href":"https:\/\/www.inmobiliariamotormovil.cat\/ca\/wp-json\/wp\/v2\/pages\/126\/revisions"}],"predecessor-version":[{"id":316,"href":"https:\/\/www.inmobiliariamotormovil.cat\/ca\/wp-json\/wp\/v2\/pages\/126\/revisions\/316"}],"wp:attachment":[{"href":"https:\/\/www.inmobiliariamotormovil.cat\/ca\/wp-json\/wp\/v2\/media?parent=126"}],"curies":[{"name":"wp","href":"https:\/\/api.w.org\/{rel}","templated":true}]}}