{"id":125,"date":"2017-06-11T18:00:44","date_gmt":"2017-06-11T16:00:44","guid":{"rendered":"http:\/\/www.motormovil.cat\/ca\/oficinas-y-locales\/"},"modified":"2024-03-20T20:25:19","modified_gmt":"2024-03-20T19:25:19","slug":"oficines-i-locals","status":"publish","type":"page","link":"https:\/\/www.inmobiliariamotormovil.cat\/ca\/oficines-i-locals\/","title":{"rendered":"Oficines i locals"},"content":{"rendered":"<div class=\"wpb-content-wrapper\"><p>[vc_row css_animation=&#8221;element_from_fade&#8221; row_type=&#8221;row&#8221; use_row_as_full_screen_section=&#8221;no&#8221; type=&#8221;grid&#8221; angled_section=&#8221;no&#8221; text_align=&#8221;left&#8221; background_image_as_pattern=&#8221;without_pattern&#8221; padding_top=&#8221;40&#8243; padding_bottom=&#8221;60&#8243;][vc_column][vc_column_text]<\/p>\n<h1 style=\"text-align: center;\">Oficinas i locals de lloguer a Barcelona i Lleida<\/h1>\n<p>[\/vc_column_text][vc_separator type=&#8221;transparent&#8221; up=&#8221;10&#8243;][vc_column_text]<\/p>\n<p style=\"text-align: center;\">Inmobiliaria Motormovil SA es dedica al lloguer de oficines i locals comercials a Barcelona i Lleida, tamb\u00e9 s\u2019ocupa de la gesti\u00f3 del p\u00e0rquing IMSA, davant de la Estaci\u00f3 Sants Barcelona.<\/p>\n<p style=\"text-align: center;\">Actualment ofereix locals i oficines \u00fanicament de la seva propietat. Sempre complint amb la rapidesa i rigor en les gestions per assolir un bon servei els consumidors. El nostre principal objectiu es la continua millora de les instal\u00b7lacions per donar el millor servei possible als usuaris amb uns preus molt assequibles.<\/p>\n<p>[\/vc_column_text][vc_separator type=&#8221;transparent&#8221; down=&#8221;10&#8243;][vc_single_image image=&#8221;41&#8243; img_size=&#8221;full&#8221; alignment=&#8221;center&#8221; qode_css_animation=&#8221;&#8221;][vc_separator type=&#8221;transparent&#8221; down=&#8221;40&#8243;][vc_raw_html]JTVCYnVpbGRfZ3JpZF9pbm11ZWJsZXMlMjBjYXRlZ29yeSUzRCUyMjI4JTIyJTVE[\/vc_raw_html][\/vc_column][\/vc_row][vc_row css_animation=&#8221;element_from_fade&#8221; row_type=&#8221;row&#8221; use_row_as_full_screen_section=&#8221;no&#8221; type=&#8221;full_width&#8221; angled_section=&#8221;no&#8221; text_align=&#8221;left&#8221; background_image_as_pattern=&#8221;without_pattern&#8221; el_class=&#8221;footer-contacto&#8221;][vc_column]<div class=\"q_image_with_text_over q_iwto_hover\"><div class=\"shader\" style = \"background-color: rgba(255,255,255,0.01)\"><\/div><div class=\"shader_hover\" style=\"background-color: rgba(255,255,255,0.01)\"><\/div><img decoding=\"async\" itemprop=\"image\" src=\"https:\/\/www.inmobiliariamotormovil.cat\/wp-content\/uploads\/2017\/06\/bgcontacto.jpg\" alt=\"\" \/><div class=\"text\"><table><tr><td><h3 class=\"caption no_icon\" style=\"color: #ffffff;\"><\/h3><\/td><\/tr><\/table><table><tr><td><div class=\"desc\"><\/p>\n<h3><a href=\"\/ca\/contacte\/\">Contacta amb nosaltres<\/a><\/h3>\n<p>Independentment de la seva empresa i del seu pressupost, nosaltres li ajudem a trobar l\u00b4espai de feina que busca.<\/div><\/td><\/tr><\/table><\/div><\/div>[\/vc_column][\/vc_row]<\/p>\n<\/div>","protected":false},"excerpt":{"rendered":"<p>[vc_row css_animation=&#8221;element_from_fade&#8221; row_type=&#8221;row&#8221; use_row_as_full_screen_section=&#8221;no&#8221; type=&#8221;grid&#8221; angled_section=&#8221;no&#8221; text_align=&#8221;left&#8221; background_image_as_pattern=&#8221;without_pattern&#8221; padding_top=&#8221;40&#8243; padding_bottom=&#8221;60&#8243;][vc_column][vc_column_text] Oficinas i locals de lloguer a Barcelona i Lleida [\/vc_column_text][vc_separator type=&#8221;transparent&#8221; up=&#8221;10&#8243;][vc_column_text] Inmobiliaria Motormovil SA es dedica al lloguer de oficines i locals comercials a Barcelona i Lleida, tamb\u00e9 s\u2019ocupa de la gesti\u00f3 del p\u00e0rquing&#8230;<\/p>\n","protected":false},"author":1,"featured_media":0,"parent":0,"menu_order":0,"comment_status":"closed","ping_status":"closed","template":"full_width.php","meta":{"_acf_changed":false,"footnotes":""},"acf":[],"_links":{"self":[{"href":"https:\/\/www.inmobiliariamotormovil.cat\/ca\/wp-json\/wp\/v2\/pages\/125"}],"collection":[{"href":"https:\/\/www.inmobiliariamotormovil.cat\/ca\/wp-json\/wp\/v2\/pages"}],"about":[{"href":"https:\/\/www.inmobiliariamotormovil.cat\/ca\/wp-json\/wp\/v2\/types\/page"}],"author":[{"embeddable":true,"href":"https:\/\/www.inmobiliariamotormovil.cat\/ca\/wp-json\/wp\/v2\/users\/1"}],"replies":[{"embeddable":true,"href":"https:\/\/www.inmobiliariamotormovil.cat\/ca\/wp-json\/wp\/v2\/comments?post=125"}],"version-history":[{"count":7,"href":"https:\/\/www.inmobiliariamotormovil.cat\/ca\/wp-json\/wp\/v2\/pages\/125\/revisions"}],"predecessor-version":[{"id":764,"href":"https:\/\/www.inmobiliariamotormovil.cat\/ca\/wp-json\/wp\/v2\/pages\/125\/revisions\/764"}],"wp:attachment":[{"href":"https:\/\/www.inmobiliariamotormovil.cat\/ca\/wp-json\/wp\/v2\/media?parent=125"}],"curies":[{"name":"wp","href":"https:\/\/api.w.org\/{rel}","templated":true}]}}