{"id":121,"date":"2017-06-11T19:14:01","date_gmt":"2017-06-11T17:14:01","guid":{"rendered":"http:\/\/www.motormovil.cat\/ca\/aviso-legal\/"},"modified":"2017-11-03T10:38:53","modified_gmt":"2017-11-03T09:38:53","slug":"avis-legal","status":"publish","type":"page","link":"https:\/\/www.inmobiliariamotormovil.cat\/ca\/avis-legal\/","title":{"rendered":"Av\u00eds legal"},"content":{"rendered":"<div class=\"wpb-content-wrapper\"><p>[vc_row css_animation=&#8221;element_from_fade&#8221; row_type=&#8221;row&#8221; use_row_as_full_screen_section=&#8221;no&#8221; type=&#8221;grid&#8221; angled_section=&#8221;no&#8221; text_align=&#8221;left&#8221; background_image_as_pattern=&#8221;without_pattern&#8221; padding_top=&#8221;40&#8243; padding_bottom=&#8221;60&#8243;][vc_column][vc_column_text]<\/p>\n<h1>Av\u00eds Legal<\/h1>\n<p>[\/vc_column_text][vc_separator type=&#8221;transparent&#8221; up=&#8221;10&#8243;][vc_column_text]<\/p>\n<div class=\"kc-elm kc-css-592677 kc_text_block\">\n<div class=\"kc-elm kc-css-592677 kc_text_block\">\n<p>Per complir all\u00f2 establert a la Llei 34\/2002, de l\u201911 de juliol, de serveis de la societat de la informaci\u00f3 i de comer\u00e7 electr\u00f2nic, a continuaci\u00f3 s\u2019indiquen les dades d\u2019informaci\u00f3 general d\u2019aquest lloc web:<br \/>\n\u2022Titular:INMOBILIARIA MOTORMOVIL S.A.<br \/>\n\u2022Adre\u00e7a: Mallorca 1, Barcelona<br \/>\n\u2022Contacte: info@motormovil.com<br \/>\n\u2022Telf: 933254750<br \/>\n\u2022NIF: ESA08060543<\/p>\n<p>OBJECTE<br \/>\nAquestes condicions generals (a partir d\u2019ara les \u201dCondicions Generals\u201d) regulen l\u2019\u00fas de tots els serveis d\u2019aquest lloc web (a partir d\u2019ara \u201del Portal\u201d) que la companyia INMOBILIARIA MOTORMOVIL S.A., amb domicili a Mallorca 1 , Barcelona (a partir d\u2019ara \u201dl\u2019Empresa\u201d), posa a disposici\u00f3 dels usuaris d\u2019Internet. Per la simple utilitzaci\u00f3 del Portal, els usuaris expressen la plena acceptaci\u00f3 sense reserves de les Condicions Generals, les quals podran ser modificades per l\u2019Empresa en qualsevol moment. Aix\u00ed mateix, els usuaris queden sotmesos a totes aquelles condicions particulars, avisos o reglaments d\u2019instruccions que es posin en el seu coneixement, en relaci\u00f3 amb continguts o serveis concrets, que es preveuen en aquestes Condicions Generals, sempre que no s\u2019hi oposin.<\/p>\n<p>EXCLUSI\u00d3 DE RESPONSABILITAT SOBRE LA INFORMACI\u00d3 GR\u00c0FICA DISPONIBLE EN EL PORTAL<br \/>\nTota la documentaci\u00f3 gr\u00e0fica inclosa en aquesta p\u00e0gina web referent a les diferents promocions o b\u00e9ns immobles \u00e9s simplement orientativa i est\u00e0 sotmesa a possibles canvis exigits per l\u2019evoluci\u00f3 t\u00e8cnica dels projectes i a la seva execuci\u00f3. EN CAP CAS AQUESTA INFORMACI\u00d3 CONSTITUEIX DOCUMENT CONTRACTUAL.<\/p>\n<p>UTILITZACI\u00d3 DEL PORTAL I DELS SERVEIS PELS USUARIS<br \/>\nExcepte en el cas que hagin obtingut autoritzaci\u00f3 pr\u00e8via i expressa, espec\u00edficament atorgada amb aquesta finalitat per l\u2019Empresa, els usuaris s\u2019abstindran d\u2019obtenir o d\u2019intentar obtenir qualsevol tipus de continguts, ja siguin textos, gr\u00e0fics, dibuixos, arxius de so, imatges o fotografies, v\u00eddeos, programari i, en general, qualsevol classe de material accessible a trav\u00e9s del Portal o dels serveis emprats per ells, amb mitjans diferents dels que s\u2019hagin posat a llur disposici\u00f3 amb aquesta finalitat o dels que s\u2019hi emprin habitualment a Internet.<\/p>\n<p>EXCLUSI\u00d3 DE RESPONSABILITAT DELS CONTINGUTS<br \/>\nL\u2019Empresa no \u00e9s en cap cas responsable, ni de manera directa ni subsidi\u00e0ria, per cap contingut, informaci\u00f3, comunicaci\u00f3, opini\u00f3 o manifestaci\u00f3 de qualsevol tipus que tingui el seu origen en l\u2019usuari o en qualsevol persona o entitat i que es comuniqui, difongui, trameti o exhibeixi a trav\u00e9s dels serveis del Portal.<\/p>\n<p>PROPIETAT INTEL\u2022LECTUAL I INDUSTRIAL<br \/>\nTots els continguts i els noms, logotips, marques i bases de dades accessibles mitjan\u00e7ant les p\u00e0gines web del Portal estan subjectes a drets de propietat industrial i intel\u2022lectual de l\u2019empresa o de tercers titulars d\u2019aquells. En cap cas l\u2019acc\u00e9s a les p\u00e0gines web del Portal implica cap tipus de ren\u00fancia, transmissi\u00f3 o cessi\u00f3 total o parcial dels mencionats drets, ni confereix cap dret d\u2019utilitzaci\u00f3, alteraci\u00f3, explotaci\u00f3, reproducci\u00f3, distribuci\u00f3 o comunicaci\u00f3 p\u00fablica sobre els continguts o b\u00e9ns de propietat industrial, sense l\u2019autoritzaci\u00f3 pr\u00e8via i expressa, espec\u00edficament atorgada amb aquesta finalitat per l\u2019empresa o pel tercer titular dels drets, excepte els de visualitzar i de realitzar c\u00f2pies per a l\u2019\u00fas personal i exclusiu de l\u2019usuari, els quals s\u2019hauran d\u2019exercir sempre conforme als principis de la bona fe i la legislaci\u00f3 aplicable.<\/p>\n<p>PROTECCI\u00d3 DE DADES<br \/>\nMitjan\u00e7ant aquest av\u00eds legal i d\u2019acord amb el que estableix la Llei org\u00e0nica 15\/1999, de protecci\u00f3 de dades de car\u00e0cter personal, l\u2019Empresa avisa els usuaris de la seva pol\u00edtica de protecci\u00f3 de dades, per tal que aquests determinin lliurement i volunt\u00e0ria si desitgen facilitar les dades personals que se\u2019ls puguin requerir amb ocasi\u00f3 de la subscripci\u00f3 o alta en alguns dels serveis oferts. Excepte en els camps en qu\u00e8 s\u2019indiqui el contrari, les respostes a les preguntes sobre dades personals s\u00f3n volunt\u00e0ries. Les dades personals obtingudes seran tractades de manera secreta i confidencial i la seva recollida t\u00e9 com a finalitat la gesti\u00f3 i la prestaci\u00f3 dels serveis oferts per l\u2019Empresa en el Portal en cada moment. Els usuaris accepten que les dades personals facilitades puguin ser objecte de tractament en fitxers automatitzats titularitat i responsabilitat de l\u2019Empresa. Els usuaris poden exercir el seu dret d\u2019acc\u00e9s, rectificaci\u00f3, cancel\u2022laci\u00f3 i oposici\u00f3 a info@motormovil.com<\/p>\n<p>LLEI APLICABLE I FUR<br \/>\nAquestes Condicions Generals es regiran per la llei espanyola. Per a qualsevol controv\u00e8rsia que pugui derivar-se de l\u2019aplicaci\u00f3 dels serveis o de la interpretaci\u00f3 o l\u2019aplicaci\u00f3 de les Condicions Generals, l\u2019Empresa i els usuaris, amb ren\u00fancia expressa al propi fur, se sotmeten al dels jutjats i tribunals de Barcelona.<\/p>\n<\/div>\n<\/div>\n<p>[\/vc_column_text][vc_separator type=&#8221;transparent&#8221; down=&#8221;10&#8243;][vc_separator type=&#8221;transparent&#8221; down=&#8221;40&#8243;][\/vc_column][\/vc_row][vc_row css_animation=&#8221;element_from_fade&#8221; row_type=&#8221;row&#8221; use_row_as_full_screen_section=&#8221;no&#8221; type=&#8221;full_width&#8221; angled_section=&#8221;no&#8221; text_align=&#8221;left&#8221; background_image_as_pattern=&#8221;without_pattern&#8221; el_class=&#8221;footer-contacto&#8221;][vc_column]<div class=\"q_image_with_text_over q_iwto_hover\"><div class=\"shader\" style = \"background-color: rgba(255,255,255,0.01)\"><\/div><div class=\"shader_hover\" style=\"background-color: rgba(255,255,255,0.01)\"><\/div><img decoding=\"async\" itemprop=\"image\" src=\"https:\/\/www.inmobiliariamotormovil.cat\/wp-content\/uploads\/2017\/06\/bgcontacto.jpg\" alt=\"\" \/><div class=\"text\"><table><tr><td><h3 class=\"caption no_icon\" style=\"color: #ffffff;\"><\/h3><\/td><\/tr><\/table><table><tr><td><div class=\"desc\"><\/p>\n<h3><a href=\"http:\/\/www.motormovil.cat\/contacto\/\">Contacta con nosotros<\/a><\/h3>\n<p>Independientemente de su empresa y de su presupuesto, nosotros le ayudaremos a encontrar el espacio de trabajo que busca.<\/p>\n<p><\/div><\/td><\/tr><\/table><\/div><\/div>[\/vc_column][\/vc_row]<\/p>\n<\/div>","protected":false},"excerpt":{"rendered":"<p>[vc_row css_animation=&#8221;element_from_fade&#8221; row_type=&#8221;row&#8221; use_row_as_full_screen_section=&#8221;no&#8221; type=&#8221;grid&#8221; angled_section=&#8221;no&#8221; text_align=&#8221;left&#8221; background_image_as_pattern=&#8221;without_pattern&#8221; padding_top=&#8221;40&#8243; padding_bottom=&#8221;60&#8243;][vc_column][vc_column_text] Av\u00eds Legal [\/vc_column_text][vc_separator type=&#8221;transparent&#8221; up=&#8221;10&#8243;][vc_column_text] Per complir all\u00f2 establert a la Llei 34\/2002, de l\u201911 de juliol, de serveis de la societat de la informaci\u00f3 i de comer\u00e7 electr\u00f2nic, a continuaci\u00f3 s\u2019indiquen les dades d\u2019informaci\u00f3&#8230;<\/p>\n","protected":false},"author":1,"featured_media":0,"parent":0,"menu_order":0,"comment_status":"closed","ping_status":"closed","template":"full_width.php","meta":{"_acf_changed":false,"footnotes":""},"acf":[],"_links":{"self":[{"href":"https:\/\/www.inmobiliariamotormovil.cat\/ca\/wp-json\/wp\/v2\/pages\/121"}],"collection":[{"href":"https:\/\/www.inmobiliariamotormovil.cat\/ca\/wp-json\/wp\/v2\/pages"}],"about":[{"href":"https:\/\/www.inmobiliariamotormovil.cat\/ca\/wp-json\/wp\/v2\/types\/page"}],"author":[{"embeddable":true,"href":"https:\/\/www.inmobiliariamotormovil.cat\/ca\/wp-json\/wp\/v2\/users\/1"}],"replies":[{"embeddable":true,"href":"https:\/\/www.inmobiliariamotormovil.cat\/ca\/wp-json\/wp\/v2\/comments?post=121"}],"version-history":[{"count":4,"href":"https:\/\/www.inmobiliariamotormovil.cat\/ca\/wp-json\/wp\/v2\/pages\/121\/revisions"}],"predecessor-version":[{"id":321,"href":"https:\/\/www.inmobiliariamotormovil.cat\/ca\/wp-json\/wp\/v2\/pages\/121\/revisions\/321"}],"wp:attachment":[{"href":"https:\/\/www.inmobiliariamotormovil.cat\/ca\/wp-json\/wp\/v2\/media?parent=121"}],"curies":[{"name":"wp","href":"https:\/\/api.w.org\/{rel}","templated":true}]}}